{"id":5902,"date":"2021-01-12T01:44:09","date_gmt":"2021-01-12T01:44:09","guid":{"rendered":"https:\/\/stuttgarter-hochzeitsplaner.de\/?page_id=5902"},"modified":"2025-10-21T09:40:07","modified_gmt":"2025-10-21T08:40:07","slug":"pinterest","status":"publish","type":"page","link":"https:\/\/stuttgarter-hochzeitsplaner.de\/en\/pinterest\/","title":{"rendered":"Pinterest"},"content":{"rendered":"<div data-elementor-type=\"wp-page\" data-elementor-id=\"5902\" class=\"elementor elementor-5902\">\n\t\t\t\t\t\t<section class=\"elementor-section elementor-top-section elementor-element elementor-element-c07b752 elementor-section-boxed elementor-section-height-default elementor-section-height-default eltdf-parallax-row-no eltdf-content-aligment-left eltdf-elementor-row-grid-no eltdf-disabled-bg-image-bellow-no\" data-id=\"c07b752\" data-element_type=\"section\" data-e-type=\"section\">\n\t\t\t\t\t\t<div class=\"elementor-container elementor-column-gap-default\">\n\t\t\t\t\t<div class=\"elementor-column elementor-col-100 elementor-top-column elementor-element elementor-element-fdf85a0\" data-id=\"fdf85a0\" data-element_type=\"column\" data-e-type=\"column\">\n\t\t\t<div class=\"elementor-widget-wrap elementor-element-populated\">\n\t\t\t\t\t\t<div class=\"elementor-element elementor-element-a56784a elementor-widget elementor-widget-html\" data-id=\"a56784a\" data-element_type=\"widget\" data-e-type=\"widget\" data-widget_type=\"html.default\">\n\t\t\t\t<div class=\"elementor-widget-container\">\n\t\t\t\t\t<!-- Global site tag (gtag.js) - Google Analytics -->\r\n<script async src=\"https:\/\/www.googletagmanager.com\/gtag\/js?id=UA-181315657-1\"><\/script>\r\n<script>\r\n  window.dataLayer = window.dataLayer || [];\r\n  function gtag(){dataLayer.push(arguments);}\r\n  gtag('js', new Date());\r\n\r\n  gtag('config', 'UA-181315657-1');\r\n<\/script>\t\t\t\t<\/div>\n\t\t\t\t<\/div>\n\t\t\t\t\t<\/div>\n\t\t<\/div>\n\t\t\t\t\t<\/div>\n\t\t<\/section>\n\t\t\t\t<section class=\"elementor-section elementor-top-section elementor-element elementor-element-fe8581e elementor-section-full_width elementor-section-height-default elementor-section-height-default eltdf-parallax-row-no eltdf-content-aligment-left eltdf-elementor-row-grid-no eltdf-disabled-bg-image-bellow-no\" data-id=\"fe8581e\" data-element_type=\"section\" data-e-type=\"section\">\n\t\t\t\t\t\t<div class=\"elementor-container elementor-column-gap-default\">\n\t\t\t\t\t<div class=\"elementor-column elementor-col-100 elementor-top-column elementor-element elementor-element-8e1d48d\" data-id=\"8e1d48d\" data-element_type=\"column\" data-e-type=\"column\">\n\t\t\t<div class=\"elementor-widget-wrap elementor-element-populated\">\n\t\t\t\t\t\t<div class=\"elementor-element elementor-element-31bd8ed elementor-widget elementor-widget-heading\" data-id=\"31bd8ed\" data-element_type=\"widget\" data-e-type=\"widget\" data-widget_type=\"heading.default\">\n\t\t\t\t<div class=\"elementor-widget-container\">\n\t\t\t\t\t<h1 class=\"elementor-heading-title elementor-size-default\">Your Wedding Concept \u2013 Designed with Intention and Style<\/h1>\t\t\t\t<\/div>\n\t\t\t\t<\/div>\n\t\t\t\t\t<\/div>\n\t\t<\/div>\n\t\t\t\t\t<\/div>\n\t\t<\/section>\n\t\t\t\t<section class=\"elementor-section elementor-top-section elementor-element elementor-element-7b5a8f0 elementor-section-stretched elementor-section-boxed elementor-section-height-default elementor-section-height-default eltdf-parallax-row-no eltdf-content-aligment-left eltdf-elementor-row-grid-no eltdf-disabled-bg-image-bellow-no\" data-id=\"7b5a8f0\" data-element_type=\"section\" data-e-type=\"section\" data-settings=\"{&quot;stretch_section&quot;:&quot;section-stretched&quot;}\">\n\t\t\t\t\t\t<div class=\"elementor-container elementor-column-gap-default\">\n\t\t\t\t\t<div class=\"elementor-column elementor-col-100 elementor-top-column elementor-element elementor-element-daf3bb9\" data-id=\"daf3bb9\" data-element_type=\"column\" data-e-type=\"column\">\n\t\t\t<div class=\"elementor-widget-wrap elementor-element-populated\">\n\t\t\t\t\t\t<div class=\"elementor-element elementor-element-a539820 elementor-widget elementor-widget-text-editor\" data-id=\"a539820\" data-element_type=\"widget\" data-e-type=\"widget\" data-widget_type=\"text-editor.default\">\n\t\t\t\t<div class=\"elementor-widget-container\">\n\t\t\t\t\t\t\t\t\t<p style=\"text-align: center;\">Need help creating a design concept with intention and style for your wedding?<\/p><p style=\"text-align: center;\">We\u2019re here to support you from the very beginning \u2014 by designing a personalised concept that perfectly reflects your style and story.\n\nNot sure yet what style your wedding should have?\nTake a look at the inspiration boards below to discover ideas and find the look that feels just right for you.<\/p>\t\t\t\t\t\t\t\t<\/div>\n\t\t\t\t<\/div>\n\t\t\t\t<div class=\"elementor-element elementor-element-a4e6200 elementor-widget elementor-widget-spacer\" data-id=\"a4e6200\" data-element_type=\"widget\" data-e-type=\"widget\" data-widget_type=\"spacer.default\">\n\t\t\t\t<div class=\"elementor-widget-container\">\n\t\t\t\t\t\t\t<div class=\"elementor-spacer\">\n\t\t\t<div class=\"elementor-spacer-inner\"><\/div>\n\t\t<\/div>\n\t\t\t\t\t\t<\/div>\n\t\t\t\t<\/div>\n\t\t\t\t<div class=\"elementor-element elementor-element-0ff5cf5 elementor-widget elementor-widget-text-editor\" data-id=\"0ff5cf5\" data-element_type=\"widget\" data-e-type=\"widget\" data-widget_type=\"text-editor.default\">\n\t\t\t\t<div class=\"elementor-widget-container\">\n\t\t\t\t\t\t\t\t\t<script async defer src=\"\/\/assets.pinterest.com\/js\/pinit.js\"><\/script>\n<a data-pin-do=\"embedBoard\" data-pin-lang=\"de\" data-pin-board-width=\"320\" data-pin-scale-height=\"240\" data-pin-scale-width=\"80\" href=\"https:\/\/www.pinterest.de\/Eternal_Love_Hochzeiten\/wedding-style\/\"><\/a>                    <a data-pin-do=\"embedBoard\" data-pin-lang=\"de\" data-pin-board-width=\"320\" data-pin-scale-height=\"240\" data-pin-scale-width=\"80\" href=\"https:\/\/www.pinterest.de\/Eternal_Love_Hochzeiten\/dekoration\/\"><\/a>                    <a data-pin-do=\"embedBoard\" data-pin-lang=\"de\" data-pin-board-width=\"320\" data-pin-scale-height=\"240\" data-pin-scale-width=\"80\" href=\"https:\/\/www.pinterest.de\/Eternal_Love_Hochzeiten\/fashion\/\"><\/a>                    <a data-pin-do=\"embedBoard\" data-pin-lang=\"de\" data-pin-board-width=\"320\" data-pin-scale-height=\"240\" data-pin-scale-width=\"80\" href=\"https:\/\/www.pinterest.de\/Eternal_Love_Hochzeiten\/papeterie\/\"><\/a>                    <a data-pin-do=\"embedBoard\" data-pin-lang=\"de\" data-pin-board-width=\"320\" data-pin-scale-height=\"240\" data-pin-scale-width=\"80\" href=\"https:\/\/www.pinterest.de\/Eternal_Love_Hochzeiten\/food-bars\/\"><\/a>                    <a data-pin-do=\"embedBoard\" data-pin-lang=\"de\" data-pin-board-width=\"320\" data-pin-scale-height=\"240\" data-pin-scale-width=\"80\" href=\"https:\/\/www.pinterest.de\/Eternal_Love_Hochzeiten\/entertainment\/\"><\/a>\t\t\t\t\t\t\t\t<\/div>\n\t\t\t\t<\/div>\n\t\t\t\t\t<\/div>\n\t\t<\/div>\n\t\t\t\t\t<\/div>\n\t\t<\/section>\n\t\t\t\t<\/div>","protected":false},"excerpt":{"rendered":"<p>Der Rote Faden f\u00fcr Eure Hochzeit Ben\u00f6tigt Ihr Hilfe bei der Erstellung eines roten Fadens f\u00fcr Eure Hochzeit? Wir unterst\u00fctzen Euch gerne dabei, indem wir bereits am Anfang der Planung ein auf Euch abgestimmtes Designkonzept erstellen. Ihr wisst noch nicht, [&hellip;]<\/p>\n","protected":false},"author":1,"featured_media":8654,"parent":0,"menu_order":0,"comment_status":"closed","ping_status":"closed","template":"","meta":{"footnotes":""},"class_list":["post-5902","page","type-page","status-publish","has-post-thumbnail","hentry"],"yoast_head":"<!-- This site is optimized with the Yoast SEO plugin v27.5 - https:\/\/yoast.com\/product\/yoast-seo-wordpress\/ -->\n<title>Pinterest | Hochzeitsplaner Stuttgart | Eternal Love \u2013 Christin Thiel<\/title>\n<meta name=\"description\" content=\"Fehlt Euch noch ein roter Faden f\u00fcr Eure Hochzeit? Auf der nachfolgenden Seite findet Ihr Gestaltungsm\u00f6glichkeiten.\" \/>\n<meta name=\"robots\" content=\"index, follow, max-snippet:-1, max-image-preview:large, max-video-preview:-1\" \/>\n<link rel=\"canonical\" href=\"https:\/\/stuttgarter-hochzeitsplaner.de\/en\/pinterest\/\" \/>\n<meta property=\"og:locale\" content=\"en_US\" \/>\n<meta property=\"og:type\" content=\"article\" \/>\n<meta property=\"og:title\" content=\"Pinterest | Hochzeitsplaner Stuttgart | Eternal Love \u2013 Christin Thiel\" \/>\n<meta property=\"og:description\" content=\"Fehlt Euch noch ein roter Faden f\u00fcr Eure Hochzeit? Auf der nachfolgenden Seite findet Ihr Gestaltungsm\u00f6glichkeiten.\" \/>\n<meta property=\"og:url\" content=\"https:\/\/stuttgarter-hochzeitsplaner.de\/en\/pinterest\/\" \/>\n<meta property=\"og:site_name\" content=\"Eternal Love - Hochzeiten &amp; Events\" \/>\n<meta property=\"article:publisher\" content=\"https:\/\/www.facebook.com\/Eternal-Love-110036707557014\" \/>\n<meta property=\"article:modified_time\" content=\"2025-10-21T08:40:07+00:00\" \/>\n<meta property=\"og:image\" content=\"https:\/\/stuttgarter-hochzeitsplaner.de\/wp-content\/uploads\/2021\/06\/checklist-2589418_1280-990x658-1.jpg\" \/>\n\t<meta property=\"og:image:width\" content=\"990\" \/>\n\t<meta property=\"og:image:height\" content=\"658\" \/>\n\t<meta property=\"og:image:type\" content=\"image\/jpeg\" \/>\n<meta name=\"twitter:card\" content=\"summary_large_image\" \/>\n<meta name=\"twitter:label1\" content=\"Est. reading time\" \/>\n\t<meta name=\"twitter:data1\" content=\"1 minute\" \/>\n<script type=\"application\/ld+json\" class=\"yoast-schema-graph\">{\"@context\":\"https:\\\/\\\/schema.org\",\"@graph\":[{\"@type\":\"WebPage\",\"@id\":\"https:\\\/\\\/stuttgarter-hochzeitsplaner.de\\\/pinterest\\\/\",\"url\":\"https:\\\/\\\/stuttgarter-hochzeitsplaner.de\\\/pinterest\\\/\",\"name\":\"Pinterest | Hochzeitsplaner Stuttgart | Eternal Love \u2013 Christin Thiel\",\"isPartOf\":{\"@id\":\"https:\\\/\\\/stuttgarter-hochzeitsplaner.de\\\/#website\"},\"primaryImageOfPage\":{\"@id\":\"https:\\\/\\\/stuttgarter-hochzeitsplaner.de\\\/pinterest\\\/#primaryimage\"},\"image\":{\"@id\":\"https:\\\/\\\/stuttgarter-hochzeitsplaner.de\\\/pinterest\\\/#primaryimage\"},\"thumbnailUrl\":\"https:\\\/\\\/stuttgarter-hochzeitsplaner.de\\\/wp-content\\\/uploads\\\/2021\\\/06\\\/checklist-2589418_1280-990x658-1.jpg\",\"datePublished\":\"2021-01-12T01:44:09+00:00\",\"dateModified\":\"2025-10-21T08:40:07+00:00\",\"description\":\"Fehlt Euch noch ein roter Faden f\u00fcr Eure Hochzeit? Auf der nachfolgenden Seite findet Ihr Gestaltungsm\u00f6glichkeiten.\",\"breadcrumb\":{\"@id\":\"https:\\\/\\\/stuttgarter-hochzeitsplaner.de\\\/pinterest\\\/#breadcrumb\"},\"inLanguage\":\"en-US\",\"potentialAction\":[{\"@type\":\"ReadAction\",\"target\":[\"https:\\\/\\\/stuttgarter-hochzeitsplaner.de\\\/pinterest\\\/\"]}]},{\"@type\":\"ImageObject\",\"inLanguage\":\"en-US\",\"@id\":\"https:\\\/\\\/stuttgarter-hochzeitsplaner.de\\\/pinterest\\\/#primaryimage\",\"url\":\"https:\\\/\\\/stuttgarter-hochzeitsplaner.de\\\/wp-content\\\/uploads\\\/2021\\\/06\\\/checklist-2589418_1280-990x658-1.jpg\",\"contentUrl\":\"https:\\\/\\\/stuttgarter-hochzeitsplaner.de\\\/wp-content\\\/uploads\\\/2021\\\/06\\\/checklist-2589418_1280-990x658-1.jpg\",\"width\":990,\"height\":658,\"caption\":\"Hochzeitsplanung Stuttgart Full Service Hochzeit Stuttgart Hochzeitsplaner Leistungen\"},{\"@type\":\"BreadcrumbList\",\"@id\":\"https:\\\/\\\/stuttgarter-hochzeitsplaner.de\\\/pinterest\\\/#breadcrumb\",\"itemListElement\":[{\"@type\":\"ListItem\",\"position\":1,\"name\":\"Startseite\",\"item\":\"https:\\\/\\\/stuttgarter-hochzeitsplaner.de\\\/\"},{\"@type\":\"ListItem\",\"position\":2,\"name\":\"Pinterest\"}]},{\"@type\":\"WebSite\",\"@id\":\"https:\\\/\\\/stuttgarter-hochzeitsplaner.de\\\/#website\",\"url\":\"https:\\\/\\\/stuttgarter-hochzeitsplaner.de\\\/\",\"name\":\"Eternal Love - Hochzeiten und Events - Hochzeitsplaner Stuttgart\",\"description\":\"Hochzeitsplaner Stuttgart\",\"publisher\":{\"@id\":\"https:\\\/\\\/stuttgarter-hochzeitsplaner.de\\\/#organization\"},\"potentialAction\":[{\"@type\":\"SearchAction\",\"target\":{\"@type\":\"EntryPoint\",\"urlTemplate\":\"https:\\\/\\\/stuttgarter-hochzeitsplaner.de\\\/?s={search_term_string}\"},\"query-input\":{\"@type\":\"PropertyValueSpecification\",\"valueRequired\":true,\"valueName\":\"search_term_string\"}}],\"inLanguage\":\"en-US\"},{\"@type\":\"Organization\",\"@id\":\"https:\\\/\\\/stuttgarter-hochzeitsplaner.de\\\/#organization\",\"name\":\"Eternal Love - Hochzeiten & Events\",\"url\":\"https:\\\/\\\/stuttgarter-hochzeitsplaner.de\\\/\",\"logo\":{\"@type\":\"ImageObject\",\"inLanguage\":\"en-US\",\"@id\":\"https:\\\/\\\/stuttgarter-hochzeitsplaner.de\\\/#\\\/schema\\\/logo\\\/image\\\/\",\"url\":\"https:\\\/\\\/stuttgarter-hochzeitsplaner.de\\\/wp-content\\\/uploads\\\/2025\\\/10\\\/cropped-Logo-Eternal-Love.png\",\"contentUrl\":\"https:\\\/\\\/stuttgarter-hochzeitsplaner.de\\\/wp-content\\\/uploads\\\/2025\\\/10\\\/cropped-Logo-Eternal-Love.png\",\"width\":512,\"height\":512,\"caption\":\"Eternal Love - Hochzeiten & Events\"},\"image\":{\"@id\":\"https:\\\/\\\/stuttgarter-hochzeitsplaner.de\\\/#\\\/schema\\\/logo\\\/image\\\/\"},\"sameAs\":[\"https:\\\/\\\/www.facebook.com\\\/Eternal-Love-110036707557014\",\"https:\\\/\\\/www.instagram.com\\\/eternal_love_hochzeit\\\/\",\"https:\\\/\\\/www.pinterest.de\\\/Eternal_Love_Hochzeiten\\\/\"]}]}<\/script>\n<!-- \/ Yoast SEO plugin. -->","yoast_head_json":{"title":"Pinterest | Hochzeitsplaner Stuttgart | Eternal Love \u2013 Christin Thiel","description":"Fehlt Euch noch ein roter Faden f\u00fcr Eure Hochzeit? Auf der nachfolgenden Seite findet Ihr Gestaltungsm\u00f6glichkeiten.","robots":{"index":"index","follow":"follow","max-snippet":"max-snippet:-1","max-image-preview":"max-image-preview:large","max-video-preview":"max-video-preview:-1"},"canonical":"https:\/\/stuttgarter-hochzeitsplaner.de\/en\/pinterest\/","og_locale":"en_US","og_type":"article","og_title":"Pinterest | Hochzeitsplaner Stuttgart | Eternal Love \u2013 Christin Thiel","og_description":"Fehlt Euch noch ein roter Faden f\u00fcr Eure Hochzeit? Auf der nachfolgenden Seite findet Ihr Gestaltungsm\u00f6glichkeiten.","og_url":"https:\/\/stuttgarter-hochzeitsplaner.de\/en\/pinterest\/","og_site_name":"Eternal Love - Hochzeiten &amp; Events","article_publisher":"https:\/\/www.facebook.com\/Eternal-Love-110036707557014","article_modified_time":"2025-10-21T08:40:07+00:00","og_image":[{"width":990,"height":658,"url":"https:\/\/stuttgarter-hochzeitsplaner.de\/wp-content\/uploads\/2021\/06\/checklist-2589418_1280-990x658-1.jpg","type":"image\/jpeg"}],"twitter_card":"summary_large_image","twitter_misc":{"Est. reading time":"1 minute"},"schema":{"@context":"https:\/\/schema.org","@graph":[{"@type":"WebPage","@id":"https:\/\/stuttgarter-hochzeitsplaner.de\/pinterest\/","url":"https:\/\/stuttgarter-hochzeitsplaner.de\/pinterest\/","name":"Pinterest | Hochzeitsplaner Stuttgart | Eternal Love \u2013 Christin Thiel","isPartOf":{"@id":"https:\/\/stuttgarter-hochzeitsplaner.de\/#website"},"primaryImageOfPage":{"@id":"https:\/\/stuttgarter-hochzeitsplaner.de\/pinterest\/#primaryimage"},"image":{"@id":"https:\/\/stuttgarter-hochzeitsplaner.de\/pinterest\/#primaryimage"},"thumbnailUrl":"https:\/\/stuttgarter-hochzeitsplaner.de\/wp-content\/uploads\/2021\/06\/checklist-2589418_1280-990x658-1.jpg","datePublished":"2021-01-12T01:44:09+00:00","dateModified":"2025-10-21T08:40:07+00:00","description":"Fehlt Euch noch ein roter Faden f\u00fcr Eure Hochzeit? Auf der nachfolgenden Seite findet Ihr Gestaltungsm\u00f6glichkeiten.","breadcrumb":{"@id":"https:\/\/stuttgarter-hochzeitsplaner.de\/pinterest\/#breadcrumb"},"inLanguage":"en-US","potentialAction":[{"@type":"ReadAction","target":["https:\/\/stuttgarter-hochzeitsplaner.de\/pinterest\/"]}]},{"@type":"ImageObject","inLanguage":"en-US","@id":"https:\/\/stuttgarter-hochzeitsplaner.de\/pinterest\/#primaryimage","url":"https:\/\/stuttgarter-hochzeitsplaner.de\/wp-content\/uploads\/2021\/06\/checklist-2589418_1280-990x658-1.jpg","contentUrl":"https:\/\/stuttgarter-hochzeitsplaner.de\/wp-content\/uploads\/2021\/06\/checklist-2589418_1280-990x658-1.jpg","width":990,"height":658,"caption":"Hochzeitsplanung Stuttgart Full Service Hochzeit Stuttgart Hochzeitsplaner Leistungen"},{"@type":"BreadcrumbList","@id":"https:\/\/stuttgarter-hochzeitsplaner.de\/pinterest\/#breadcrumb","itemListElement":[{"@type":"ListItem","position":1,"name":"Startseite","item":"https:\/\/stuttgarter-hochzeitsplaner.de\/"},{"@type":"ListItem","position":2,"name":"Pinterest"}]},{"@type":"WebSite","@id":"https:\/\/stuttgarter-hochzeitsplaner.de\/#website","url":"https:\/\/stuttgarter-hochzeitsplaner.de\/","name":"Eternal Love - Hochzeiten und Events - Hochzeitsplaner Stuttgart","description":"Hochzeitsplaner Stuttgart","publisher":{"@id":"https:\/\/stuttgarter-hochzeitsplaner.de\/#organization"},"potentialAction":[{"@type":"SearchAction","target":{"@type":"EntryPoint","urlTemplate":"https:\/\/stuttgarter-hochzeitsplaner.de\/?s={search_term_string}"},"query-input":{"@type":"PropertyValueSpecification","valueRequired":true,"valueName":"search_term_string"}}],"inLanguage":"en-US"},{"@type":"Organization","@id":"https:\/\/stuttgarter-hochzeitsplaner.de\/#organization","name":"Eternal Love - Hochzeiten & Events","url":"https:\/\/stuttgarter-hochzeitsplaner.de\/","logo":{"@type":"ImageObject","inLanguage":"en-US","@id":"https:\/\/stuttgarter-hochzeitsplaner.de\/#\/schema\/logo\/image\/","url":"https:\/\/stuttgarter-hochzeitsplaner.de\/wp-content\/uploads\/2025\/10\/cropped-Logo-Eternal-Love.png","contentUrl":"https:\/\/stuttgarter-hochzeitsplaner.de\/wp-content\/uploads\/2025\/10\/cropped-Logo-Eternal-Love.png","width":512,"height":512,"caption":"Eternal Love - Hochzeiten & Events"},"image":{"@id":"https:\/\/stuttgarter-hochzeitsplaner.de\/#\/schema\/logo\/image\/"},"sameAs":["https:\/\/www.facebook.com\/Eternal-Love-110036707557014","https:\/\/www.instagram.com\/eternal_love_hochzeit\/","https:\/\/www.pinterest.de\/Eternal_Love_Hochzeiten\/"]}]}},"_links":{"self":[{"href":"https:\/\/stuttgarter-hochzeitsplaner.de\/en\/wp-json\/wp\/v2\/pages\/5902","targetHints":{"allow":["GET"]}}],"collection":[{"href":"https:\/\/stuttgarter-hochzeitsplaner.de\/en\/wp-json\/wp\/v2\/pages"}],"about":[{"href":"https:\/\/stuttgarter-hochzeitsplaner.de\/en\/wp-json\/wp\/v2\/types\/page"}],"author":[{"embeddable":true,"href":"https:\/\/stuttgarter-hochzeitsplaner.de\/en\/wp-json\/wp\/v2\/users\/1"}],"replies":[{"embeddable":true,"href":"https:\/\/stuttgarter-hochzeitsplaner.de\/en\/wp-json\/wp\/v2\/comments?post=5902"}],"version-history":[{"count":19,"href":"https:\/\/stuttgarter-hochzeitsplaner.de\/en\/wp-json\/wp\/v2\/pages\/5902\/revisions"}],"predecessor-version":[{"id":10048,"href":"https:\/\/stuttgarter-hochzeitsplaner.de\/en\/wp-json\/wp\/v2\/pages\/5902\/revisions\/10048"}],"wp:featuredmedia":[{"embeddable":true,"href":"https:\/\/stuttgarter-hochzeitsplaner.de\/en\/wp-json\/wp\/v2\/media\/8654"}],"wp:attachment":[{"href":"https:\/\/stuttgarter-hochzeitsplaner.de\/en\/wp-json\/wp\/v2\/media?parent=5902"}],"curies":[{"name":"wp","href":"https:\/\/api.w.org\/{rel}","templated":true}]}}