{"id":5784,"date":"2021-01-11T23:48:19","date_gmt":"2021-01-11T23:48:19","guid":{"rendered":"https:\/\/stuttgarter-hochzeitsplaner.de\/?page_id=5784"},"modified":"2025-10-24T08:14:13","modified_gmt":"2025-10-24T07:14:13","slug":"leistungen","status":"publish","type":"page","link":"https:\/\/stuttgarter-hochzeitsplaner.de\/en\/leistungen\/","title":{"rendered":"Services"},"content":{"rendered":"<div data-elementor-type=\"wp-page\" data-elementor-id=\"5784\" class=\"elementor elementor-5784\">\n\t\t\t\t\t\t<section class=\"elementor-section elementor-top-section elementor-element elementor-element-e74f72d elementor-section-stretched elementor-section-boxed elementor-section-height-default elementor-section-height-default eltdf-parallax-row-no eltdf-content-aligment-left eltdf-elementor-row-grid-no eltdf-disabled-bg-image-bellow-no\" data-id=\"e74f72d\" data-element_type=\"section\" data-e-type=\"section\" data-settings=\"{&quot;stretch_section&quot;:&quot;section-stretched&quot;}\">\n\t\t\t\t\t\t<div class=\"elementor-container elementor-column-gap-default\">\n\t\t\t\t\t<div class=\"elementor-column elementor-col-100 elementor-top-column elementor-element elementor-element-a20bc72\" data-id=\"a20bc72\" data-element_type=\"column\" data-e-type=\"column\">\n\t\t\t<div class=\"elementor-widget-wrap elementor-element-populated\">\n\t\t\t\t\t\t<div class=\"elementor-element elementor-element-f75d844 elementor-widget elementor-widget-html\" data-id=\"f75d844\" data-element_type=\"widget\" data-e-type=\"widget\" data-widget_type=\"html.default\">\n\t\t\t\t<div class=\"elementor-widget-container\">\n\t\t\t\t\t<!-- Global site tag (gtag.js) - Google Analytics -->\r\n<script async src=\"https:\/\/www.googletagmanager.com\/gtag\/js?id=UA-181315657-1\"><\/script>\r\n<script>\r\n  window.dataLayer = window.dataLayer || [];\r\n  function gtag(){dataLayer.push(arguments);}\r\n  gtag('js', new Date());\r\n\r\n  gtag('config', 'UA-181315657-1');\r\n<\/script>\t\t\t\t<\/div>\n\t\t\t\t<\/div>\n\t\t\t\t\t<\/div>\n\t\t<\/div>\n\t\t\t\t\t<\/div>\n\t\t<\/section>\n\t\t\t\t<section class=\"elementor-section elementor-top-section elementor-element elementor-element-a63628c elementor-section-full_width elementor-section-height-default elementor-section-height-default eltdf-parallax-row-no eltdf-content-aligment-left eltdf-elementor-row-grid-no eltdf-disabled-bg-image-bellow-no\" data-id=\"a63628c\" data-element_type=\"section\" data-e-type=\"section\">\n\t\t\t\t\t\t<div class=\"elementor-container elementor-column-gap-default\">\n\t\t\t\t\t<div class=\"elementor-column elementor-col-100 elementor-top-column elementor-element elementor-element-75511fc\" data-id=\"75511fc\" data-element_type=\"column\" data-e-type=\"column\">\n\t\t\t<div class=\"elementor-widget-wrap elementor-element-populated\">\n\t\t\t\t\t\t<div class=\"elementor-element elementor-element-90dbea7 elementor-widget elementor-widget-heading\" data-id=\"90dbea7\" data-element_type=\"widget\" data-e-type=\"widget\" data-widget_type=\"heading.default\">\n\t\t\t\t<div class=\"elementor-widget-container\">\n\t\t\t\t\t<h1 class=\"elementor-heading-title elementor-size-default\">Services \u2013 Tailored Just for You<\/h1>\t\t\t\t<\/div>\n\t\t\t\t<\/div>\n\t\t\t\t<div class=\"elementor-element elementor-element-85d51ad elementor-widget elementor-widget-text-editor\" data-id=\"85d51ad\" data-element_type=\"widget\" data-e-type=\"widget\" data-widget_type=\"text-editor.default\">\n\t\t\t\t<div class=\"elementor-widget-container\">\n\t\t\t\t\t\t\t\t\t<p style=\"text-align: center;\">Full support or selective assistance \u2013 our packages are as flexible as your wishes.<\/p>\t\t\t\t\t\t\t\t<\/div>\n\t\t\t\t<\/div>\n\t\t\t\t\t<\/div>\n\t\t<\/div>\n\t\t\t\t\t<\/div>\n\t\t<\/section>\n\t\t\t\t<section class=\"elementor-section elementor-top-section elementor-element elementor-element-7911830 elementor-section-full_width elementor-section-height-default elementor-section-height-default eltdf-parallax-row-no eltdf-content-aligment-left eltdf-elementor-row-grid-no eltdf-disabled-bg-image-bellow-no\" data-id=\"7911830\" data-element_type=\"section\" data-e-type=\"section\" data-settings=\"{&quot;background_background&quot;:&quot;classic&quot;}\">\n\t\t\t\t\t\t<div class=\"elementor-container elementor-column-gap-default\">\n\t\t\t\t\t<div class=\"elementor-column elementor-col-33 elementor-top-column elementor-element elementor-element-098fdfe\" data-id=\"098fdfe\" data-element_type=\"column\" data-e-type=\"column\">\n\t\t\t<div class=\"elementor-widget-wrap elementor-element-populated\">\n\t\t\t\t\t\t<div class=\"elementor-element elementor-element-1d10450 elementor-widget elementor-widget-image\" data-id=\"1d10450\" data-element_type=\"widget\" data-e-type=\"widget\" data-widget_type=\"image.default\">\n\t\t\t\t<div class=\"elementor-widget-container\">\n\t\t\t\t\t\t\t\t\t\t\t\t\t\t\t<img fetchpriority=\"high\" decoding=\"async\" width=\"1024\" height=\"683\" src=\"https:\/\/stuttgarter-hochzeitsplaner.de\/wp-content\/uploads\/2022\/01\/IMG_7488.jpg\" class=\"attachment-large size-large wp-image-9256\" alt=\"Leistungen Hochzeitsplaner Stuttgart\" srcset=\"https:\/\/stuttgarter-hochzeitsplaner.de\/wp-content\/uploads\/2022\/01\/IMG_7488.jpg 1024w, https:\/\/stuttgarter-hochzeitsplaner.de\/wp-content\/uploads\/2022\/01\/IMG_7488-300x200.jpg 300w, https:\/\/stuttgarter-hochzeitsplaner.de\/wp-content\/uploads\/2022\/01\/IMG_7488-768x512.jpg 768w\" sizes=\"(max-width: 1024px) 100vw, 1024px\" \/>\t\t\t\t\t\t\t\t\t\t\t\t\t\t\t<\/div>\n\t\t\t\t<\/div>\n\t\t\t\t<div class=\"elementor-element elementor-element-b5513ef elementor-widget elementor-widget-heading\" data-id=\"b5513ef\" data-element_type=\"widget\" data-e-type=\"widget\" data-widget_type=\"heading.default\">\n\t\t\t\t<div class=\"elementor-widget-container\">\n\t\t\t\t\t<h3 class=\"elementor-heading-title elementor-size-default\">Full-Service Planning<\/h3>\t\t\t\t<\/div>\n\t\t\t\t<\/div>\n\t\t\t\t<div class=\"elementor-element elementor-element-350f866 elementor-widget elementor-widget-text-editor\" data-id=\"350f866\" data-element_type=\"widget\" data-e-type=\"widget\" data-widget_type=\"text-editor.default\">\n\t\t\t\t<div class=\"elementor-widget-container\">\n\t\t\t\t\t\t\t\t\t<p style=\"text-align: center;\">A complete concept from A to Z: venue, vendors, budget, and styling.<\/p>\t\t\t\t\t\t\t\t<\/div>\n\t\t\t\t<\/div>\n\t\t\t\t\t<\/div>\n\t\t<\/div>\n\t\t\t\t<div class=\"elementor-column elementor-col-33 elementor-top-column elementor-element elementor-element-3290b4c\" data-id=\"3290b4c\" data-element_type=\"column\" data-e-type=\"column\">\n\t\t\t<div class=\"elementor-widget-wrap elementor-element-populated\">\n\t\t\t\t\t\t<div class=\"elementor-element elementor-element-eb594a0 elementor-widget elementor-widget-image\" data-id=\"eb594a0\" data-element_type=\"widget\" data-e-type=\"widget\" data-widget_type=\"image.default\">\n\t\t\t\t<div class=\"elementor-widget-container\">\n\t\t\t\t\t\t\t\t\t\t\t\t\t\t\t<img decoding=\"async\" width=\"612\" height=\"408\" src=\"https:\/\/stuttgarter-hochzeitsplaner.de\/wp-content\/uploads\/2022\/01\/DSC07931_1.jpg\" class=\"attachment-large size-large wp-image-9227\" alt=\"Leistungen Hochzeitsplaner Stuttgart\" srcset=\"https:\/\/stuttgarter-hochzeitsplaner.de\/wp-content\/uploads\/2022\/01\/DSC07931_1.jpg 612w, https:\/\/stuttgarter-hochzeitsplaner.de\/wp-content\/uploads\/2022\/01\/DSC07931_1-300x200.jpg 300w\" sizes=\"(max-width: 612px) 100vw, 612px\" \/>\t\t\t\t\t\t\t\t\t\t\t\t\t\t\t<\/div>\n\t\t\t\t<\/div>\n\t\t\t\t<div class=\"elementor-element elementor-element-85a0e2f elementor-widget elementor-widget-heading\" data-id=\"85a0e2f\" data-element_type=\"widget\" data-e-type=\"widget\" data-widget_type=\"heading.default\">\n\t\t\t\t<div class=\"elementor-widget-container\">\n\t\t\t\t\t<h3 class=\"elementor-heading-title elementor-size-default\">Partial &amp; Design Planning<\/h3>\t\t\t\t<\/div>\n\t\t\t\t<\/div>\n\t\t\t\t<div class=\"elementor-element elementor-element-4b1d859 elementor-widget elementor-widget-text-editor\" data-id=\"4b1d859\" data-element_type=\"widget\" data-e-type=\"widget\" data-widget_type=\"text-editor.default\">\n\t\t\t\t<div class=\"elementor-widget-container\">\n\t\t\t\t\t\t\t\t\t<p style=\"text-align: center;\">Concept, mood board, and styling \u2013 we bring your vision to life.<\/p>\t\t\t\t\t\t\t\t<\/div>\n\t\t\t\t<\/div>\n\t\t\t\t\t<\/div>\n\t\t<\/div>\n\t\t\t\t<div class=\"elementor-column elementor-col-33 elementor-top-column elementor-element elementor-element-12852d0\" data-id=\"12852d0\" data-element_type=\"column\" data-e-type=\"column\">\n\t\t\t<div class=\"elementor-widget-wrap elementor-element-populated\">\n\t\t\t\t\t\t<div class=\"elementor-element elementor-element-81bb9c6 elementor-widget elementor-widget-image\" data-id=\"81bb9c6\" data-element_type=\"widget\" data-e-type=\"widget\" data-widget_type=\"image.default\">\n\t\t\t\t<div class=\"elementor-widget-container\">\n\t\t\t\t\t\t\t\t\t\t\t\t\t\t\t<img decoding=\"async\" width=\"1024\" height=\"683\" src=\"https:\/\/stuttgarter-hochzeitsplaner.de\/wp-content\/uploads\/2025\/10\/Hochzeitsplaner-Stuttgart-Christin-Thiel.jpg\" class=\"attachment-large size-large wp-image-10086\" alt=\"Leistungen Hochzeitsplaner Stuttgart\" \/>\t\t\t\t\t\t\t\t\t\t\t\t\t\t\t<\/div>\n\t\t\t\t<\/div>\n\t\t\t\t<div class=\"elementor-element elementor-element-3dfc20c elementor-widget elementor-widget-heading\" data-id=\"3dfc20c\" data-element_type=\"widget\" data-e-type=\"widget\" data-widget_type=\"heading.default\">\n\t\t\t\t<div class=\"elementor-widget-container\">\n\t\t\t\t\t<h3 class=\"elementor-heading-title elementor-size-default\">Day-of Coordination<\/h3>\t\t\t\t<\/div>\n\t\t\t\t<\/div>\n\t\t\t\t<div class=\"elementor-element elementor-element-ddbf9e1 elementor-widget elementor-widget-text-editor\" data-id=\"ddbf9e1\" data-element_type=\"widget\" data-e-type=\"widget\" data-widget_type=\"text-editor.default\">\n\t\t\t\t<div class=\"elementor-widget-container\">\n\t\t\t\t\t\t\t\t\t<p style=\"text-align: center;\">Flawless organisation on the big day, so you can relax and celebrate.<\/p>\t\t\t\t\t\t\t\t<\/div>\n\t\t\t\t<\/div>\n\t\t\t\t\t<\/div>\n\t\t<\/div>\n\t\t\t\t\t<\/div>\n\t\t<\/section>\n\t\t\t\t<section class=\"elementor-section elementor-top-section elementor-element elementor-element-7b2aafd elementor-section-full_width elementor-section-height-default elementor-section-height-default eltdf-parallax-row-no eltdf-content-aligment-left eltdf-elementor-row-grid-no eltdf-disabled-bg-image-bellow-no\" data-id=\"7b2aafd\" data-element_type=\"section\" data-e-type=\"section\">\n\t\t\t\t\t\t<div class=\"elementor-container elementor-column-gap-default\">\n\t\t\t\t\t<div class=\"elementor-column elementor-col-100 elementor-top-column elementor-element elementor-element-05a033f\" data-id=\"05a033f\" data-element_type=\"column\" data-e-type=\"column\">\n\t\t\t<div class=\"elementor-widget-wrap elementor-element-populated\">\n\t\t\t\t\t\t<div class=\"elementor-element elementor-element-3144f49 elementor-widget elementor-widget-text-editor\" data-id=\"3144f49\" data-element_type=\"widget\" data-e-type=\"widget\" data-widget_type=\"text-editor.default\">\n\t\t\t\t<div class=\"elementor-widget-container\">\n\t\t\t\t\t\t\t\t\t<p style=\"text-align: center;\">Would you like more details about a package?\nI\u2019ll be happy to create a personalised offer for you.<\/p>\t\t\t\t\t\t\t\t<\/div>\n\t\t\t\t<\/div>\n\t\t\t\t<div class=\"elementor-element elementor-element-5e778e0 elementor-widget elementor-widget-html\" data-id=\"5e778e0\" data-element_type=\"widget\" data-e-type=\"widget\" data-widget_type=\"html.default\">\n\t\t\t\t<div class=\"elementor-widget-container\">\n\t\t\t\t\t<section style=\"background-color:#FAF9F6;padding:20px 0;text-align:center;\"><a href=\"\/en\/kontakt\/\" style=\"text-decoration:none;border:2px solid #D4AF37;color:#4E4A45;padding:12px 24px;border-radius:8px;font-family:'Raleway';font-weight:600;margin-right:10px;\">Request a quote<\/a>\t\t\t\t<\/div>\n\t\t\t\t<\/div>\n\t\t\t\t\t<\/div>\n\t\t<\/div>\n\t\t\t\t\t<\/div>\n\t\t<\/section>\n\t\t\t\t<section class=\"elementor-section elementor-top-section elementor-element elementor-element-462d3dd elementor-section-full_width elementor-section-height-default elementor-section-height-default eltdf-parallax-row-no eltdf-content-aligment-left eltdf-elementor-row-grid-no eltdf-disabled-bg-image-bellow-no\" data-id=\"462d3dd\" data-element_type=\"section\" data-e-type=\"section\" data-settings=\"{&quot;background_background&quot;:&quot;classic&quot;}\">\n\t\t\t\t\t\t<div class=\"elementor-container elementor-column-gap-default\">\n\t\t\t\t\t<div class=\"elementor-column elementor-col-100 elementor-top-column elementor-element elementor-element-f55867e\" data-id=\"f55867e\" data-element_type=\"column\" data-e-type=\"column\">\n\t\t\t<div class=\"elementor-widget-wrap elementor-element-populated\">\n\t\t\t\t\t\t<div class=\"elementor-element elementor-element-b348c32 elementor-widget elementor-widget-heading\" data-id=\"b348c32\" data-element_type=\"widget\" data-e-type=\"widget\" data-widget_type=\"heading.default\">\n\t\t\t\t<div class=\"elementor-widget-container\">\n\t\t\t\t\t<h2 class=\"elementor-heading-title elementor-size-default\">Our Wedding Planner eBook <br>\nYour perfect companion for a dream wedding<\/h2>\t\t\t\t<\/div>\n\t\t\t\t<\/div>\n\t\t\t\t<div class=\"elementor-element elementor-element-9d85aa0 elementor-widget elementor-widget-text-editor\" data-id=\"9d85aa0\" data-element_type=\"widget\" data-e-type=\"widget\" data-widget_type=\"text-editor.default\">\n\t\t\t\t<div class=\"elementor-widget-container\">\n\t\t\t\t\t\t\t\t\t<p style=\"text-align: center;\">We don\u2019t just offer premium wedding planning \u2013 we also provide an exclusive eBook that guides you step by step through your wedding organisation.\nFrom the first concept to the final decision \u2013 this eBook is your ideal helper to make your wedding an unforgettable experience.<\/p>\t\t\t\t\t\t\t\t<\/div>\n\t\t\t\t<\/div>\n\t\t\t\t<div class=\"elementor-element elementor-element-13c9c97 elementor-widget elementor-widget-html\" data-id=\"13c9c97\" data-element_type=\"widget\" data-e-type=\"widget\" data-widget_type=\"html.default\">\n\t\t\t\t<div class=\"elementor-widget-container\">\n\t\t\t\t\t<section style=\"background-color:#FFF;padding:20px 0;text-align:center;\"><a href=\"https:\/\/payhip.com\/b\/HI9V5\" style=\"text-decoration:none;border:2px solid #D4AF37;color:#4E4A45;padding:12px 24px;border-radius:8px;font-family:'Raleway';font-weight:600;margin-right:10px;\">\ud83d\udcd8 Download the eBook now!<\/a>\t\t\t\t<\/div>\n\t\t\t\t<\/div>\n\t\t\t\t\t<\/div>\n\t\t<\/div>\n\t\t\t\t\t<\/div>\n\t\t<\/section>\n\t\t\t\t<\/div>","protected":false},"excerpt":{"rendered":"<p>Leistungen \u2013 ma\u00dfgeschneidert f\u00fcr euch Komplettbetreuung oder punktuelle Unterst\u00fctzung \u2013 unsere Pakete sind so flexibel wie eure W\u00fcnsche. Full-Service-Planung Komplettkonzept von A bis Z: Location, Dienstleister, Budget &amp; Styling. Teil- &amp; Designplanung Konzept, Moodboard und Styling \u2014 wir geben eurer [&hellip;]<\/p>\n","protected":false},"author":1,"featured_media":9227,"parent":0,"menu_order":0,"comment_status":"closed","ping_status":"closed","template":"","meta":{"footnotes":""},"class_list":["post-5784","page","type-page","status-publish","has-post-thumbnail","hentry"],"yoast_head":"<!-- This site is optimized with the Yoast SEO plugin v27.6 - https:\/\/yoast.com\/product\/yoast-seo-wordpress\/ -->\n<title>Leistungen Hochzeitsplaner Stuttgart | Eternal Love \u2013 Hochzeitsplanung Stuttgart<\/title>\n<meta name=\"description\" content=\"Leistungen Hochzeitsplaner Stuttgart | Leistungen von Eternal Love \u2013 Full-Service-, Teilplanung und Tageskoordination f\u00fcr exklusive Hochzeiten mit Herz.\" \/>\n<meta name=\"robots\" content=\"index, follow, max-snippet:-1, max-image-preview:large, max-video-preview:-1\" \/>\n<link rel=\"canonical\" href=\"https:\/\/stuttgarter-hochzeitsplaner.de\/en\/leistungen\/\" \/>\n<meta property=\"og:locale\" content=\"en_US\" \/>\n<meta property=\"og:type\" content=\"article\" \/>\n<meta property=\"og:title\" content=\"Leistungen Hochzeitsplaner Stuttgart | Eternal Love \u2013 Hochzeitsplanung Stuttgart\" \/>\n<meta property=\"og:description\" content=\"Leistungen Hochzeitsplaner Stuttgart | Leistungen von Eternal Love \u2013 Full-Service-, Teilplanung und Tageskoordination f\u00fcr exklusive Hochzeiten mit Herz.\" \/>\n<meta property=\"og:url\" content=\"https:\/\/stuttgarter-hochzeitsplaner.de\/en\/leistungen\/\" \/>\n<meta property=\"og:site_name\" content=\"Eternal Love - Hochzeiten &amp; Events\" \/>\n<meta property=\"article:publisher\" content=\"https:\/\/www.facebook.com\/Eternal-Love-110036707557014\" \/>\n<meta property=\"article:modified_time\" content=\"2025-10-24T07:14:13+00:00\" \/>\n<meta property=\"og:image\" content=\"http:\/\/stuttgarter-hochzeitsplaner.de\/wp-content\/uploads\/2022\/01\/DSC07931_1.jpg\" \/>\n\t<meta property=\"og:image:width\" content=\"612\" \/>\n\t<meta property=\"og:image:height\" content=\"408\" \/>\n\t<meta property=\"og:image:type\" content=\"image\/jpeg\" \/>\n<meta name=\"twitter:card\" content=\"summary_large_image\" \/>\n<meta name=\"twitter:label1\" content=\"Est. reading time\" \/>\n\t<meta name=\"twitter:data1\" content=\"2 minutes\" \/>\n<script type=\"application\/ld+json\" class=\"yoast-schema-graph\">{\"@context\":\"https:\\\/\\\/schema.org\",\"@graph\":[{\"@type\":\"WebPage\",\"@id\":\"https:\\\/\\\/stuttgarter-hochzeitsplaner.de\\\/leistungen\\\/\",\"url\":\"https:\\\/\\\/stuttgarter-hochzeitsplaner.de\\\/leistungen\\\/\",\"name\":\"Leistungen Hochzeitsplaner Stuttgart | Eternal Love \u2013 Hochzeitsplanung Stuttgart\",\"isPartOf\":{\"@id\":\"https:\\\/\\\/stuttgarter-hochzeitsplaner.de\\\/#website\"},\"primaryImageOfPage\":{\"@id\":\"https:\\\/\\\/stuttgarter-hochzeitsplaner.de\\\/leistungen\\\/#primaryimage\"},\"image\":{\"@id\":\"https:\\\/\\\/stuttgarter-hochzeitsplaner.de\\\/leistungen\\\/#primaryimage\"},\"thumbnailUrl\":\"https:\\\/\\\/stuttgarter-hochzeitsplaner.de\\\/wp-content\\\/uploads\\\/2022\\\/01\\\/DSC07931_1.jpg\",\"datePublished\":\"2021-01-11T23:48:19+00:00\",\"dateModified\":\"2025-10-24T07:14:13+00:00\",\"description\":\"Leistungen Hochzeitsplaner Stuttgart | Leistungen von Eternal Love \u2013 Full-Service-, Teilplanung und Tageskoordination f\u00fcr exklusive Hochzeiten mit Herz.\",\"breadcrumb\":{\"@id\":\"https:\\\/\\\/stuttgarter-hochzeitsplaner.de\\\/leistungen\\\/#breadcrumb\"},\"inLanguage\":\"en-US\",\"potentialAction\":[{\"@type\":\"ReadAction\",\"target\":[\"https:\\\/\\\/stuttgarter-hochzeitsplaner.de\\\/leistungen\\\/\"]}]},{\"@type\":\"ImageObject\",\"inLanguage\":\"en-US\",\"@id\":\"https:\\\/\\\/stuttgarter-hochzeitsplaner.de\\\/leistungen\\\/#primaryimage\",\"url\":\"https:\\\/\\\/stuttgarter-hochzeitsplaner.de\\\/wp-content\\\/uploads\\\/2022\\\/01\\\/DSC07931_1.jpg\",\"contentUrl\":\"https:\\\/\\\/stuttgarter-hochzeitsplaner.de\\\/wp-content\\\/uploads\\\/2022\\\/01\\\/DSC07931_1.jpg\",\"width\":612,\"height\":408,\"caption\":\"Hochzeitsplanung Stuttgart Full Service Hochzeit Stuttgart Hochzeitsplaner Leistungen\"},{\"@type\":\"BreadcrumbList\",\"@id\":\"https:\\\/\\\/stuttgarter-hochzeitsplaner.de\\\/leistungen\\\/#breadcrumb\",\"itemListElement\":[{\"@type\":\"ListItem\",\"position\":1,\"name\":\"Startseite\",\"item\":\"https:\\\/\\\/stuttgarter-hochzeitsplaner.de\\\/\"},{\"@type\":\"ListItem\",\"position\":2,\"name\":\"Leistungen\"}]},{\"@type\":\"WebSite\",\"@id\":\"https:\\\/\\\/stuttgarter-hochzeitsplaner.de\\\/#website\",\"url\":\"https:\\\/\\\/stuttgarter-hochzeitsplaner.de\\\/\",\"name\":\"Eternal Love - Hochzeiten und Events - Hochzeitsplaner Stuttgart\",\"description\":\"Hochzeitsplaner Stuttgart\",\"publisher\":{\"@id\":\"https:\\\/\\\/stuttgarter-hochzeitsplaner.de\\\/#organization\"},\"potentialAction\":[{\"@type\":\"SearchAction\",\"target\":{\"@type\":\"EntryPoint\",\"urlTemplate\":\"https:\\\/\\\/stuttgarter-hochzeitsplaner.de\\\/?s={search_term_string}\"},\"query-input\":{\"@type\":\"PropertyValueSpecification\",\"valueRequired\":true,\"valueName\":\"search_term_string\"}}],\"inLanguage\":\"en-US\"},{\"@type\":\"Organization\",\"@id\":\"https:\\\/\\\/stuttgarter-hochzeitsplaner.de\\\/#organization\",\"name\":\"Eternal Love - Hochzeiten & Events\",\"url\":\"https:\\\/\\\/stuttgarter-hochzeitsplaner.de\\\/\",\"logo\":{\"@type\":\"ImageObject\",\"inLanguage\":\"en-US\",\"@id\":\"https:\\\/\\\/stuttgarter-hochzeitsplaner.de\\\/#\\\/schema\\\/logo\\\/image\\\/\",\"url\":\"https:\\\/\\\/stuttgarter-hochzeitsplaner.de\\\/wp-content\\\/uploads\\\/2025\\\/10\\\/cropped-Logo-Eternal-Love.png\",\"contentUrl\":\"https:\\\/\\\/stuttgarter-hochzeitsplaner.de\\\/wp-content\\\/uploads\\\/2025\\\/10\\\/cropped-Logo-Eternal-Love.png\",\"width\":512,\"height\":512,\"caption\":\"Eternal Love - Hochzeiten & Events\"},\"image\":{\"@id\":\"https:\\\/\\\/stuttgarter-hochzeitsplaner.de\\\/#\\\/schema\\\/logo\\\/image\\\/\"},\"sameAs\":[\"https:\\\/\\\/www.facebook.com\\\/Eternal-Love-110036707557014\",\"https:\\\/\\\/www.instagram.com\\\/eternal_love_hochzeit\\\/\",\"https:\\\/\\\/www.pinterest.de\\\/Eternal_Love_Hochzeiten\\\/\"]}]}<\/script>\n<!-- \/ Yoast SEO plugin. -->","yoast_head_json":{"title":"Leistungen Hochzeitsplaner Stuttgart | Eternal Love \u2013 Hochzeitsplanung Stuttgart","description":"Leistungen Hochzeitsplaner Stuttgart | Leistungen von Eternal Love \u2013 Full-Service-, Teilplanung und Tageskoordination f\u00fcr exklusive Hochzeiten mit Herz.","robots":{"index":"index","follow":"follow","max-snippet":"max-snippet:-1","max-image-preview":"max-image-preview:large","max-video-preview":"max-video-preview:-1"},"canonical":"https:\/\/stuttgarter-hochzeitsplaner.de\/en\/leistungen\/","og_locale":"en_US","og_type":"article","og_title":"Leistungen Hochzeitsplaner Stuttgart | Eternal Love \u2013 Hochzeitsplanung Stuttgart","og_description":"Leistungen Hochzeitsplaner Stuttgart | Leistungen von Eternal Love \u2013 Full-Service-, Teilplanung und Tageskoordination f\u00fcr exklusive Hochzeiten mit Herz.","og_url":"https:\/\/stuttgarter-hochzeitsplaner.de\/en\/leistungen\/","og_site_name":"Eternal Love - Hochzeiten &amp; Events","article_publisher":"https:\/\/www.facebook.com\/Eternal-Love-110036707557014","article_modified_time":"2025-10-24T07:14:13+00:00","og_image":[{"width":612,"height":408,"url":"http:\/\/stuttgarter-hochzeitsplaner.de\/wp-content\/uploads\/2022\/01\/DSC07931_1.jpg","type":"image\/jpeg"}],"twitter_card":"summary_large_image","twitter_misc":{"Est. reading time":"2 minutes"},"schema":{"@context":"https:\/\/schema.org","@graph":[{"@type":"WebPage","@id":"https:\/\/stuttgarter-hochzeitsplaner.de\/leistungen\/","url":"https:\/\/stuttgarter-hochzeitsplaner.de\/leistungen\/","name":"Leistungen Hochzeitsplaner Stuttgart | Eternal Love \u2013 Hochzeitsplanung Stuttgart","isPartOf":{"@id":"https:\/\/stuttgarter-hochzeitsplaner.de\/#website"},"primaryImageOfPage":{"@id":"https:\/\/stuttgarter-hochzeitsplaner.de\/leistungen\/#primaryimage"},"image":{"@id":"https:\/\/stuttgarter-hochzeitsplaner.de\/leistungen\/#primaryimage"},"thumbnailUrl":"https:\/\/stuttgarter-hochzeitsplaner.de\/wp-content\/uploads\/2022\/01\/DSC07931_1.jpg","datePublished":"2021-01-11T23:48:19+00:00","dateModified":"2025-10-24T07:14:13+00:00","description":"Leistungen Hochzeitsplaner Stuttgart | Leistungen von Eternal Love \u2013 Full-Service-, Teilplanung und Tageskoordination f\u00fcr exklusive Hochzeiten mit Herz.","breadcrumb":{"@id":"https:\/\/stuttgarter-hochzeitsplaner.de\/leistungen\/#breadcrumb"},"inLanguage":"en-US","potentialAction":[{"@type":"ReadAction","target":["https:\/\/stuttgarter-hochzeitsplaner.de\/leistungen\/"]}]},{"@type":"ImageObject","inLanguage":"en-US","@id":"https:\/\/stuttgarter-hochzeitsplaner.de\/leistungen\/#primaryimage","url":"https:\/\/stuttgarter-hochzeitsplaner.de\/wp-content\/uploads\/2022\/01\/DSC07931_1.jpg","contentUrl":"https:\/\/stuttgarter-hochzeitsplaner.de\/wp-content\/uploads\/2022\/01\/DSC07931_1.jpg","width":612,"height":408,"caption":"Hochzeitsplanung Stuttgart Full Service Hochzeit Stuttgart Hochzeitsplaner Leistungen"},{"@type":"BreadcrumbList","@id":"https:\/\/stuttgarter-hochzeitsplaner.de\/leistungen\/#breadcrumb","itemListElement":[{"@type":"ListItem","position":1,"name":"Startseite","item":"https:\/\/stuttgarter-hochzeitsplaner.de\/"},{"@type":"ListItem","position":2,"name":"Leistungen"}]},{"@type":"WebSite","@id":"https:\/\/stuttgarter-hochzeitsplaner.de\/#website","url":"https:\/\/stuttgarter-hochzeitsplaner.de\/","name":"Eternal Love - Hochzeiten und Events - Hochzeitsplaner Stuttgart","description":"Hochzeitsplaner Stuttgart","publisher":{"@id":"https:\/\/stuttgarter-hochzeitsplaner.de\/#organization"},"potentialAction":[{"@type":"SearchAction","target":{"@type":"EntryPoint","urlTemplate":"https:\/\/stuttgarter-hochzeitsplaner.de\/?s={search_term_string}"},"query-input":{"@type":"PropertyValueSpecification","valueRequired":true,"valueName":"search_term_string"}}],"inLanguage":"en-US"},{"@type":"Organization","@id":"https:\/\/stuttgarter-hochzeitsplaner.de\/#organization","name":"Eternal Love - Hochzeiten & Events","url":"https:\/\/stuttgarter-hochzeitsplaner.de\/","logo":{"@type":"ImageObject","inLanguage":"en-US","@id":"https:\/\/stuttgarter-hochzeitsplaner.de\/#\/schema\/logo\/image\/","url":"https:\/\/stuttgarter-hochzeitsplaner.de\/wp-content\/uploads\/2025\/10\/cropped-Logo-Eternal-Love.png","contentUrl":"https:\/\/stuttgarter-hochzeitsplaner.de\/wp-content\/uploads\/2025\/10\/cropped-Logo-Eternal-Love.png","width":512,"height":512,"caption":"Eternal Love - Hochzeiten & Events"},"image":{"@id":"https:\/\/stuttgarter-hochzeitsplaner.de\/#\/schema\/logo\/image\/"},"sameAs":["https:\/\/www.facebook.com\/Eternal-Love-110036707557014","https:\/\/www.instagram.com\/eternal_love_hochzeit\/","https:\/\/www.pinterest.de\/Eternal_Love_Hochzeiten\/"]}]}},"_links":{"self":[{"href":"https:\/\/stuttgarter-hochzeitsplaner.de\/en\/wp-json\/wp\/v2\/pages\/5784","targetHints":{"allow":["GET"]}}],"collection":[{"href":"https:\/\/stuttgarter-hochzeitsplaner.de\/en\/wp-json\/wp\/v2\/pages"}],"about":[{"href":"https:\/\/stuttgarter-hochzeitsplaner.de\/en\/wp-json\/wp\/v2\/types\/page"}],"author":[{"embeddable":true,"href":"https:\/\/stuttgarter-hochzeitsplaner.de\/en\/wp-json\/wp\/v2\/users\/1"}],"replies":[{"embeddable":true,"href":"https:\/\/stuttgarter-hochzeitsplaner.de\/en\/wp-json\/wp\/v2\/comments?post=5784"}],"version-history":[{"count":115,"href":"https:\/\/stuttgarter-hochzeitsplaner.de\/en\/wp-json\/wp\/v2\/pages\/5784\/revisions"}],"predecessor-version":[{"id":10188,"href":"https:\/\/stuttgarter-hochzeitsplaner.de\/en\/wp-json\/wp\/v2\/pages\/5784\/revisions\/10188"}],"wp:featuredmedia":[{"embeddable":true,"href":"https:\/\/stuttgarter-hochzeitsplaner.de\/en\/wp-json\/wp\/v2\/media\/9227"}],"wp:attachment":[{"href":"https:\/\/stuttgarter-hochzeitsplaner.de\/en\/wp-json\/wp\/v2\/media?parent=5784"}],"curies":[{"name":"wp","href":"https:\/\/api.w.org\/{rel}","templated":true}]}}